{"id":818,"date":"2013-02-07T18:05:22","date_gmt":"2013-02-07T17:05:22","guid":{"rendered":"http:\/\/olvasodelalfold.sk-szeged.hu\/?page_id=818"},"modified":"2015-09-16T20:21:24","modified_gmt":"2015-09-16T18:21:24","slug":"a-vetelkedo-menete","status":"publish","type":"page","link":"http:\/\/olvasodelalfold.sk-szeged.hu\/?page_id=818","title":{"rendered":"A vet\u00e9lked\u0151 menete"},"content":{"rendered":"<p><strong><a href=\"http:\/\/olvasodelalfold.sk-szeged.hu\/?attachment_id=670\" rel=\"attachment wp-att-670\"><img loading=\"lazy\" decoding=\"async\" class=\"wp-image-670 alignleft\" src=\"http:\/\/olvasodelalfold.sk-szeged.hu\/wp-content\/uploads\/2012\/11\/olvasnak.jpg\" alt=\"olvasnak\" width=\"291\" height=\"222\" srcset=\"http:\/\/olvasodelalfold.sk-szeged.hu\/wp-content\/uploads\/2012\/11\/olvasnak.jpg 538w, http:\/\/olvasodelalfold.sk-szeged.hu\/wp-content\/uploads\/2012\/11\/olvasnak-300x229.jpg 300w, http:\/\/olvasodelalfold.sk-szeged.hu\/wp-content\/uploads\/2012\/11\/olvasnak-391x300.jpg 391w\" sizes=\"auto, (max-width: 291px) 100vw, 291px\" \/><\/a>A D\u00c9L-ALF\u00d6LD LEGT\u00d6BBET OLVAS\u00d3 TELEP\u00dcL\u00c9SE<\/strong><\/p>\n<p>A szegedi Somogyi K\u00e1roly V\u00e1rosi \u00e9s Megyei K\u00f6nyvt\u00e1r egy\u00fcttm\u0171k\u00f6d\u0151 partnereivel (a kecskem\u00e9ti B\u00e1cs-Kiskun Megyei Katona J\u00f3zsef K\u00f6nyvt\u00e1rral \u00e9s a b\u00e9k\u00e9scsabai B\u00e9k\u00e9s Megyei K\u00f6nyvt\u00e1rral) region\u00e1lis olvas\u00e1si\/irodalmi vet\u00e9lked\u0151t hirdet meg A D\u00e9l-Alf\u00f6ld legt\u00f6bbet olvas\u00f3 telep\u00fcl\u00e9se c\u00edmmel.<\/p>\n<p>A vet\u00e9lked\u0151 c\u00e9lja az olvas\u00e1s n\u00e9pszer\u0171s\u00edt\u00e9se j\u00e1t\u00e9kos form\u00e1ban. Az a telep\u00fcl\u00e9s lesz a nyertes, vagyis a D\u00e9l-Alf\u00f6ld legt\u00f6bbet olvas\u00f3 telep\u00fcl\u00e9se, amelynek lak\u00f3i (1 lakosra sz\u00e1m\u00edtva) a legt\u00f6bb k\u00f6nyvet olvass\u00e1k el a vet\u00e9lked\u0151 id\u0151tartama alatt.<\/p>\n<p>A vet\u00e9lked\u0151 id\u0151tartama: <strong>2013. febru\u00e1r 1 \u2013 2013. augusztus 31. <\/strong>(Meghosszabb\u00edtottuk!)<strong><br \/>\n<\/strong><\/p>\n<p><strong>R\u00e9sztvev\u0151k<\/strong><br \/>\nA vet\u00e9lked\u0151ben a r\u00e9gi\u00f3 telep\u00fcl\u00e9seinek lak\u00f3i vehetnek r\u00e9szt. A r\u00e9szv\u00e9tel felt\u00e9tele legal\u00e1bb egy, a j\u00e1t\u00e9khoz tartoz\u00f3 <strong>feladatlap bek\u00fcld\u00e9se<\/strong> a k\u00f6vetkez\u0151 adatok felt\u00fcntet\u00e9s\u00e9vel: n\u00e9v, lakc\u00edm, a t\u00e1mogatott telep\u00fcl\u00e9s megnevez\u00e9se, \u00e9s \u2013 ha van \u2013 az olvas\u00f3jegy sz\u00e1ma. Nem felt\u00e9tel a k\u00f6nyvt\u00e1ri tags\u00e1g, de plusz pontot \u00e9r, ha a j\u00e1t\u00e9k id\u0151tartama alatt n\u00f6vekszik a beiratkozott olvas\u00f3k sz\u00e1ma. (R\u00e9szletesen l\u00e1sd az \u00e9rt\u00e9kel\u00e9sn\u00e9l.)<\/p>\n<p><strong><a href=\"http:\/\/olvasodelalfold.sk-szeged.hu\/?attachment_id=549\" rel=\"attachment wp-att-549\"><img loading=\"lazy\" decoding=\"async\" class=\"wp-image-549 alignright\" src=\"http:\/\/olvasodelalfold.sk-szeged.hu\/wp-content\/uploads\/2012\/11\/kisfiu_konyvekkel.jpg\" alt=\"kisfiu_konyvekkel\" width=\"264\" height=\"228\" srcset=\"http:\/\/olvasodelalfold.sk-szeged.hu\/wp-content\/uploads\/2012\/11\/kisfiu_konyvekkel.jpg 419w, http:\/\/olvasodelalfold.sk-szeged.hu\/wp-content\/uploads\/2012\/11\/kisfiu_konyvekkel-300x258.jpg 300w, http:\/\/olvasodelalfold.sk-szeged.hu\/wp-content\/uploads\/2012\/11\/kisfiu_konyvekkel-348x300.jpg 348w\" sizes=\"auto, (max-width: 264px) 100vw, 264px\" \/><\/a>A j\u00e1t\u00e9k menete<\/strong><br \/>\nA r\u00e9gi\u00f3 minden egyes telep\u00fcl\u00e9si k\u00f6nyvt\u00e1ra kap egy <strong>200 k\u00f6nyvet tartalmaz\u00f3 k\u00f6nyvlist\u00e1<\/strong>t, ahonnan olvasnival\u00f3t v\u00e1logathatnak a j\u00e1t\u00e9k r\u00e9sztvev\u0151i.<\/p>\n<p><a href=\"http:\/\/olvasodelalfold.sk-szeged.hu\/wp-content\/uploads\/2013\/02\/lista_felnott.pdf\" target=\"_blank\">Aj\u00e1nl\u00f3 lista feln\u0151tteknek<\/a><br \/>\n<a href=\"http:\/\/olvasodelalfold.sk-szeged.hu\/wp-content\/uploads\/2013\/02\/Tamop_B_konyvek_gyermek.pdf\" target=\"_blank\">Aj\u00e1nl\u00f3 lista gyermekeknek<\/a><\/p>\n<p>Minden k\u00f6nyvh\u00f6z tartozik egy 3 k\u00e9rd\u00e9sb\u0151l \u00e1ll\u00f3 ellen\u0151rz\u0151 teszt, melynek kit\u00f6lt\u00e9s\u00e9vel igazolj\u00e1k a kiv\u00e1lasztott k\u00f6nyvek elolvas\u00e1s\u00e1t. A j\u00e1t\u00e9kban csak a helyesen kit\u00f6lt\u00f6tt tesztek vesznek r\u00e9szt. A list\u00e1t \u00fagy \u00e1ll\u00edtottuk \u00f6ssze, hogy mindenki tal\u00e1ljon benne az \u00e9rdekl\u0151d\u00e9s\u00e9nek megfelel\u0151 olvasm\u00e1nyt: szerepel benne klasszikus \u00e9s kort\u00e1rs sz\u00e9pirodalom, romantikus, sz\u00f3rakoztat\u00f3, t\u00f6rt\u00e9nelmi \u00e9s kalandreg\u00e9nyek, krimi, sci-fi, fantasy \u00e9s term\u00e9szetesen gyermekeknek sz\u00e1nt m\u0171vek is.<\/p>\n<p><strong>A bek\u00fcld\u00e9s m\u00f3dja \u00e9s hat\u00e1rideje<\/strong><br \/>\nAz <strong>online<\/strong> megfejt\u00e9sek a Somogyi-k\u00f6nyvt\u00e1rba \u00e9rkeznek. A biank\u00f3 <strong>nyomtatv\u00e1nyon<\/strong> (pap\u00edron) leadott megold\u00e1sokat a telep\u00fcl\u00e9si k\u00f6nyvt\u00e1rosok gy\u0171jtik \u00f6ssze, \u00e9s k\u00e9thavonta elk\u00fcldik a megyei k\u00f6nyv\u00e1rba (B\u00e1cs-Kiskun megye: B\u00e1cs-Kiskun Megyei Katona J\u00f3zsef K\u00f6nyvt\u00e1r &#8211; Kecskem\u00e9t, Piarist\u00e1k tere 8. \/ B\u00e9k\u00e9s megye: B\u00e9k\u00e9s Megyei K\u00f6nyvt\u00e1r, B\u00e9k\u00e9scsaba, Kiss Ern\u0151 u. 3. \/ Csongr\u00e1d megye: Somogyi-k\u00f6nyv\u00e1r \u2013 Szeged, D\u00f3m t\u00e9r 1-4.). A megyei k\u00f6nyvt\u00e1rak \u00f6sszes\u00edtik a megy\u00e9b\u0151l be\u00e9rkez\u0151 feladatlapokat, \u00e9s az eredm\u00e9nyeket tov\u00e1bb k\u00fcldik a Somogyi-k\u00f6nyvt\u00e1rba.<br \/>\n<strong><br \/>\nA kit\u00f6lt\u00f6tt tesztek bek\u00fcld\u00e9s\u00e9nek v\u00e9gs\u0151 hat\u00e1rideje 2013. augusztus 31.<\/strong> A r\u00e9sztvev\u0151 k\u00f6nyvt\u00e1rak ezen a napon fogadnak el utolj\u00e1ra kit\u00f6lt\u00f6tt feladatlapokat, amelyeket augusztus 5-ig kell post\u00e1ra adniuk az adott megyei k\u00f6nyvt\u00e1r c\u00edm\u00e9re. A hat\u00e1rid\u0151 (2013. augusztus 31.) az online bek\u00fcld\u00f6tt tesztekre is \u00e9rv\u00e9nyes.<\/p>\n<p><strong>\u00c9rt\u00e9kel\u00e9s<\/strong><br \/>\nA j\u00e1t\u00e9kban r\u00e9sztvev\u0151 telep\u00fcl\u00e9sek minden elolvasott k\u00f6nyv ut\u00e1n 1 pontot kapnak. (A k\u00f6nyv elolvas\u00e1s\u00e1t az ellen\u0151rz\u0151 teszt helyes kit\u00f6lt\u00e9se igazolja.) Az \u00f6sszes\u00edtett pontsz\u00e1m a telep\u00fcl\u00e9sek l\u00e9leksz\u00e1m\u00e1nak ar\u00e1ny\u00e1ban ker\u00fcl kisz\u00e1m\u00edt\u00e1sra.<br \/>\n\u00dajonnan beiratkozott olvas\u00f3ik ut\u00e1n plusz pontokat is kaphatnak a telep\u00fcl\u00e9sek. (Min\u00e9l nagyobb ar\u00e1nyban iratkoznak be a j\u00e1t\u00e9k id\u0151tartama alatt a lakoss\u00e1g l\u00e9leksz\u00e1m\u00e1hoz viszony\u00edtva, ann\u00e1l t\u00f6bb plusz pontot szerezhet a telep\u00fcl\u00e9s. Ennek kisz\u00e1m\u00edt\u00e1s\u00e1hoz k\u00e9rj\u00fck, hogy a r\u00e9sztvev\u0151 k\u00f6nyvt\u00e1rak adj\u00e1k meg az \u00fajonnan bel\u00e9p\u0151 (nem hosszabb\u00edt\u00e1s!) olvas\u00f3ik sz\u00e1m\u00e1t 2013. febru\u00e1r 1-t\u0151l 2013. augusztus 31-ig.<br \/>\n<strong>A vet\u00e9lked\u0151t az \u00f6sszes\u00edt\u00e9sben legt\u00f6bb pontot szerz\u0151 telep\u00fcl\u00e9s nyeri.<\/strong><\/p>\n<p><strong><a href=\"http:\/\/olvasodelalfold.sk-szeged.hu\/?attachment_id=546\" rel=\"attachment wp-att-546\"><img loading=\"lazy\" decoding=\"async\" class=\"alignleft wp-image-546\" src=\"http:\/\/olvasodelalfold.sk-szeged.hu\/wp-content\/uploads\/2012\/11\/dijazas.jpg\" alt=\"dijazas\" width=\"266\" height=\"193\" srcset=\"http:\/\/olvasodelalfold.sk-szeged.hu\/wp-content\/uploads\/2012\/11\/dijazas.jpg 370w, http:\/\/olvasodelalfold.sk-szeged.hu\/wp-content\/uploads\/2012\/11\/dijazas-300x216.jpg 300w\" sizes=\"auto, (max-width: 266px) 100vw, 266px\" \/><\/a>D\u00edjaz\u00e1s<\/strong><br \/>\nA j\u00e1t\u00e9kban r\u00e9sztvev\u0151 megy\u00e9k legt\u00f6bbet olvas\u00f3 telep\u00fcl\u00e9seinek abszol\u00fat gy\u0151ztese megkapja <strong>\u201eA D\u00e9l-Alf\u00f6ld legt\u00f6bbet olvas\u00f3 telep\u00fcl\u00e9se\u201d<\/strong> c\u00edmet, a telep\u00fcl\u00e9s k\u00f6nyvt\u00e1ra pedig 150.000,- Ft \u00e9rt\u00e9k\u0171 k\u00f6nyvv\u00e1s\u00e1rl\u00e1si utalv\u00e1nyt kap jutalmul. A k\u00e9t m\u00e1sik megy\u00e9b\u0151l kiker\u00fcl\u0151 nyertes <strong>\u201eA megye legt\u00f6bbet olvas\u00f3 telep\u00fcl\u00e9se\u201d<\/strong> c\u00edm birtokosa lesz, k\u00f6nyvt\u00e1ruk pedig egy-egy 75.000,-Ft \u00e9rt\u00e9k\u0171 k\u00f6nyvv\u00e1s\u00e1rl\u00e1si utalv\u00e1nyt vehet \u00e1t jutalomk\u00e9nt.<br \/>\nA telep\u00fcl\u00e9seknek j\u00e1r\u00f3 jutalmak mellett h\u00e1rom <strong>egy\u00e9ni d\u00edj<\/strong>at is kiosztunk a r\u00e9sztvev\u0151 megy\u00e9kben (B\u00e1cs-Kiskun, B\u00e9k\u00e9s, Csongr\u00e1d) szem\u00e9lyenk\u00e9nt legt\u00f6bbet olvas\u00f3knak.<\/p>\n<p>A d\u00edjkioszt\u00e1sra \u00fcnnep\u00e9lyes keretek k\u00f6z\u00f6tt ker\u00fcl sor 2013 szeptember\u00e9ben a Somogyi-k\u00f6nyvt\u00e1rban.<\/p>\n<h3>Kapcsol\u00f3d\u00f3 k\u00e9pek:<\/h3>","protected":false},"excerpt":{"rendered":"<p>A D\u00c9L-ALF\u00d6LD LEGT\u00d6BBET OLVAS\u00d3 TELEP\u00dcL\u00c9SE A szegedi Somogyi K\u00e1roly V\u00e1rosi \u00e9s Megyei K\u00f6nyvt\u00e1r egy\u00fcttm\u0171k\u00f6d\u0151 partnereivel (a kecskem\u00e9ti B\u00e1cs-Kiskun Megyei Katona J\u00f3zsef K\u00f6nyvt\u00e1rral \u00e9s a b\u00e9k\u00e9scsabai B\u00e9k\u00e9s Megyei K\u00f6nyvt\u00e1rral) region\u00e1lis olvas\u00e1si\/irodalmi vet\u00e9lked\u0151t hirdet meg A D\u00e9l-Alf\u00f6ld legt\u00f6bbet olvas\u00f3 telep\u00fcl\u00e9se c\u00edmmel. A &hellip; <a href=\"http:\/\/olvasodelalfold.sk-szeged.hu\/?page_id=818\">Folytat\u00e1s <span class=\"meta-nav\">&rarr;<\/span><\/a><\/p>\n","protected":false},"author":2,"featured_media":0,"parent":2,"menu_order":3,"comment_status":"closed","ping_status":"open","template":"","meta":{"ngg_post_thumbnail":0,"footnotes":""},"class_list":["post-818","page","type-page","status-publish","hentry"],"_links":{"self":[{"href":"http:\/\/olvasodelalfold.sk-szeged.hu\/index.php?rest_route=\/wp\/v2\/pages\/818","targetHints":{"allow":["GET"]}}],"collection":[{"href":"http:\/\/olvasodelalfold.sk-szeged.hu\/index.php?rest_route=\/wp\/v2\/pages"}],"about":[{"href":"http:\/\/olvasodelalfold.sk-szeged.hu\/index.php?rest_route=\/wp\/v2\/types\/page"}],"author":[{"embeddable":true,"href":"http:\/\/olvasodelalfold.sk-szeged.hu\/index.php?rest_route=\/wp\/v2\/users\/2"}],"replies":[{"embeddable":true,"href":"http:\/\/olvasodelalfold.sk-szeged.hu\/index.php?rest_route=%2Fwp%2Fv2%2Fcomments&post=818"}],"version-history":[{"count":5,"href":"http:\/\/olvasodelalfold.sk-szeged.hu\/index.php?rest_route=\/wp\/v2\/pages\/818\/revisions"}],"predecessor-version":[{"id":2355,"href":"http:\/\/olvasodelalfold.sk-szeged.hu\/index.php?rest_route=\/wp\/v2\/pages\/818\/revisions\/2355"}],"up":[{"embeddable":true,"href":"http:\/\/olvasodelalfold.sk-szeged.hu\/index.php?rest_route=\/wp\/v2\/pages\/2"}],"wp:attachment":[{"href":"http:\/\/olvasodelalfold.sk-szeged.hu\/index.php?rest_route=%2Fwp%2Fv2%2Fmedia&parent=818"}],"curies":[{"name":"wp","href":"https:\/\/api.w.org\/{rel}","templated":true}]}}