{"id":2356,"date":"2015-09-16T20:41:31","date_gmt":"2015-09-16T18:41:31","guid":{"rendered":"http:\/\/olvasodelalfold.sk-szeged.hu\/?page_id=2356"},"modified":"2015-11-03T15:40:17","modified_gmt":"2015-11-03T14:40:17","slug":"regionalis-vetelkedo-2015","status":"publish","type":"page","link":"http:\/\/olvasodelalfold.sk-szeged.hu\/?page_id=2356","title":{"rendered":"Region\u00e1lis vet\u00e9lked\u0151 2015"},"content":{"rendered":"<p><strong>\u00a0OLVAS\u00c1SI VET\u00c9LKED\u0150 AZ INTERNETEN<br \/>\n2015. okt\u00f3ber 5\u201331.<br \/>\n<\/strong><\/p>\n<p><strong><a href=\"http:\/\/olvasodelalfold.sk-szeged.hu\/wp-content\/uploads\/2015\/09\/konyvek_szamitogep.jpg\"><img loading=\"lazy\" decoding=\"async\" class=\"alignleft wp-image-2357 size-medium\" src=\"http:\/\/olvasodelalfold.sk-szeged.hu\/wp-content\/uploads\/2015\/09\/konyvek_szamitogep-300x225.jpg\" alt=\"konyvek_szamitogep\" width=\"300\" height=\"225\" srcset=\"http:\/\/olvasodelalfold.sk-szeged.hu\/wp-content\/uploads\/2015\/09\/konyvek_szamitogep-300x225.jpg 300w, http:\/\/olvasodelalfold.sk-szeged.hu\/wp-content\/uploads\/2015\/09\/konyvek_szamitogep-399x300.jpg 399w, http:\/\/olvasodelalfold.sk-szeged.hu\/wp-content\/uploads\/2015\/09\/konyvek_szamitogep.jpg 499w\" sizes=\"auto, (max-width: 300px) 100vw, 300px\" \/><\/a><\/strong>A szegedi Somogyi K\u00e1roly V\u00e1rosi \u00e9s Megyei K\u00f6nyvt\u00e1r, a kecskem\u00e9ti B\u00e1cs-Kiskun Megyei Katona J\u00f3zsef K\u00f6nyvt\u00e1r \u00e9s a b\u00e9k\u00e9scsabai B\u00e9k\u00e9s Megyei K\u00f6nyvt\u00e1r <strong>online<\/strong> region\u00e1lis olvas\u00e1si vet\u00e9lked\u0151t hirdet\u00a0<strong>OLVAS\u00d3 D\u00c9L-ALF\u00d6LD \u2013 2015<\/strong> c\u00edmmel.<\/p>\n<p><strong>Vet\u00e9lkedni h\u00e1rom kateg\u00f3ri\u00e1ban lehet<\/strong>: gyermekeknek, illetve feln\u0151tteknek sz\u00f3l\u00f3 irodalom olvas\u00e1s\u00e1val, valamint helyismereti t\u00e9m\u00e1ban. A j\u00e1t\u00e9k id\u0151tartama alatt az Olvas\u00f3 D\u00e9l-Alf\u00f6ld\u00a0 weboldalon <strong>minden kateg\u00f3ri\u00e1ban hetente \u00faj k\u00e9rd\u00e9sek<\/strong> lesznek el\u00e9rhet\u0151k, amelyek helyes megv\u00e1laszol\u00e1s\u00e1val b\u00e1rki es\u00e9llyel vehet r\u00e9szt a versenyben. Weboldalunkon a j\u00e1t\u00e9khoz kapcsol\u00f3d\u00f3 k\u00f6nyvaj\u00e1nl\u00e1sokat is tal\u00e1lnak az \u00e9rdekl\u0151d\u0151k, figyelemmel k\u00eds\u00e9rhetik a vet\u00e9lked\u0151 menet\u00e9t.<\/p>\n<p><strong>A j\u00e1t\u00e9k nyertese az lesz<\/strong>, aki a legt\u00f6bb k\u00f6nyvet olvassa el az adott id\u0151szakban az aj\u00e1nlott k\u00f6nyvek list\u00e1j\u00e1r\u00f3l \u00e9s helyesen v\u00e1laszol feltett k\u00e9rd\u00e9sekre. (Megy\u00e9nk\u00e9nt a k\u00e9t legjobb eredm\u00e9nyt d\u00edjazzuk \u00e9rt\u00e9kes k\u00f6nyvcsomaggal.) A vet\u00e9lked\u0151h\u00f6z <strong>kiz\u00e1r\u00f3lag online form\u00e1ban<\/strong>, az al\u00e1bbi adatok felt\u00fcntet\u00e9s\u00e9vel lehet csatlakozni: n\u00e9v, e-mail-c\u00edm, lakc\u00edm, a telep\u00fcl\u00e9s neve, \u00e9s \u2013 ha k\u00f6nyvt\u00e1ri tag \u2013 az olvas\u00f3jegy sz\u00e1ma \u00e9s a telep\u00fcl\u00e9si k\u00f6nyvt\u00e1r neve. (A k\u00f6nyvt\u00e1ri tags\u00e1g nem felt\u00e9tele a j\u00e1t\u00e9kban val\u00f3 r\u00e9szv\u00e9telnek.)<\/p>\n<p>Az egy\u00e9ni r\u00e9sztvev\u0151k mellett a k\u00f6nyvt\u00e1rak is nyerhetnek a j\u00e1t\u00e9kban: az a k\u00f6nyvt\u00e1r, amelynek <strong>legt\u00f6bb beiratkozott olvas\u00f3ja j\u00e1tszik<\/strong> vel\u00fcnk, \u00e9rt\u00e9kes k\u00f6nyvcsomagot kap.<\/p>\n<p>A vet\u00e9lked\u0151 id\u0151tartama: <strong>2015. okt\u00f3ber 5\u2013november 20. A nyerteseket e-mailben \u00e9rtes\u00edtj\u00fck.<\/strong><\/p>\n<p><strong>A kateg\u00f3ri\u00e1khoz tartoz\u00f3 bejegyz\u00e9sek<\/strong>:<\/p>\n<ul>\n<li><a href=\"http:\/\/olvasodelalfold.sk-szeged.hu\/?cat=204\">Olvasm\u00e1nyok feln\u0151tteknek<\/a><\/li>\n<li><a href=\"http:\/\/olvasodelalfold.sk-szeged.hu\/?cat=208\">Gyermekeknek aj\u00e1nljuk<\/a><\/li>\n<li><a href=\"http:\/\/olvasodelalfold.sk-szeged.hu\/?cat=211\">Helyismereti t\u00e9mak\u00f6r<\/a><\/li>\n<\/ul>\n<h3>Kapcsol\u00f3d\u00f3 k\u00e9pek:<\/h3>","protected":false},"excerpt":{"rendered":"<p>\u00a0OLVAS\u00c1SI VET\u00c9LKED\u0150 AZ INTERNETEN 2015. okt\u00f3ber 5\u201331. A szegedi Somogyi K\u00e1roly V\u00e1rosi \u00e9s Megyei K\u00f6nyvt\u00e1r, a kecskem\u00e9ti B\u00e1cs-Kiskun Megyei Katona J\u00f3zsef K\u00f6nyvt\u00e1r \u00e9s a b\u00e9k\u00e9scsabai B\u00e9k\u00e9s Megyei K\u00f6nyvt\u00e1r online region\u00e1lis olvas\u00e1si vet\u00e9lked\u0151t hirdet\u00a0OLVAS\u00d3 D\u00c9L-ALF\u00d6LD \u2013 2015 c\u00edmmel. Vet\u00e9lkedni h\u00e1rom kateg\u00f3ri\u00e1ban &hellip; <a href=\"http:\/\/olvasodelalfold.sk-szeged.hu\/?page_id=2356\">Folytat\u00e1s <span class=\"meta-nav\">&rarr;<\/span><\/a><\/p>\n","protected":false},"author":2,"featured_media":0,"parent":0,"menu_order":2,"comment_status":"closed","ping_status":"closed","template":"","meta":{"ngg_post_thumbnail":0,"footnotes":""},"class_list":["post-2356","page","type-page","status-publish","hentry"],"_links":{"self":[{"href":"http:\/\/olvasodelalfold.sk-szeged.hu\/index.php?rest_route=\/wp\/v2\/pages\/2356","targetHints":{"allow":["GET"]}}],"collection":[{"href":"http:\/\/olvasodelalfold.sk-szeged.hu\/index.php?rest_route=\/wp\/v2\/pages"}],"about":[{"href":"http:\/\/olvasodelalfold.sk-szeged.hu\/index.php?rest_route=\/wp\/v2\/types\/page"}],"author":[{"embeddable":true,"href":"http:\/\/olvasodelalfold.sk-szeged.hu\/index.php?rest_route=\/wp\/v2\/users\/2"}],"replies":[{"embeddable":true,"href":"http:\/\/olvasodelalfold.sk-szeged.hu\/index.php?rest_route=%2Fwp%2Fv2%2Fcomments&post=2356"}],"version-history":[{"count":7,"href":"http:\/\/olvasodelalfold.sk-szeged.hu\/index.php?rest_route=\/wp\/v2\/pages\/2356\/revisions"}],"predecessor-version":[{"id":2388,"href":"http:\/\/olvasodelalfold.sk-szeged.hu\/index.php?rest_route=\/wp\/v2\/pages\/2356\/revisions\/2388"}],"wp:attachment":[{"href":"http:\/\/olvasodelalfold.sk-szeged.hu\/index.php?rest_route=%2Fwp%2Fv2%2Fmedia&parent=2356"}],"curies":[{"name":"wp","href":"https:\/\/api.w.org\/{rel}","templated":true}]}}