{"id":2,"date":"2012-08-24T08:38:21","date_gmt":"2012-08-24T08:38:21","guid":{"rendered":"http:\/\/olvasodelalfold.sk-szeged.hu\/?page_id=2"},"modified":"2015-09-16T20:43:25","modified_gmt":"2015-09-16T18:43:25","slug":"ez-egy-minta-oldal","status":"publish","type":"page","link":"http:\/\/olvasodelalfold.sk-szeged.hu\/?page_id=2","title":{"rendered":"Olvas\u00f3 D\u00e9l-Alf\u00f6ld 2013"},"content":{"rendered":"<p><a href=\"http:\/\/olvasodelalfold.sk-szeged.hu\/?attachment_id=543\" rel=\"attachment wp-att-543\"><img loading=\"lazy\" decoding=\"async\" class=\"alignleft wp-image-543\" src=\"http:\/\/olvasodelalfold.sk-szeged.hu\/wp-content\/uploads\/2012\/08\/cimkefelho.jpg\" alt=\"cimkefelho\" width=\"344\" height=\"340\" srcset=\"http:\/\/olvasodelalfold.sk-szeged.hu\/wp-content\/uploads\/2012\/08\/cimkefelho.jpg 491w, http:\/\/olvasodelalfold.sk-szeged.hu\/wp-content\/uploads\/2012\/08\/cimkefelho-300x296.jpg 300w, http:\/\/olvasodelalfold.sk-szeged.hu\/wp-content\/uploads\/2012\/08\/cimkefelho-303x300.jpg 303w\" sizes=\"auto, (max-width: 344px) 100vw, 344px\" \/><\/a> A Somogyi K\u00e1roly V\u00e1rosi \u00e9s Megyei K\u00f6nyvt\u00e1r olvas\u00e1sn\u00e9pszer\u0171s\u00edt\u0151 programsorozatot ind\u00edtott <em><strong>Olvas\u00f3 D\u00e9l-Alf\u00f6ld &#8211; Olvas\u00e1s (megye)hat\u00e1rok n\u00e9lk\u00fcl<\/strong><\/em> c\u00edmmel.<\/p>\n<p>Az olvas\u00e1skult\u00fara fejleszt\u0151 kamp\u00e1ny megval\u00f3s\u00edt\u00e1s\u00e1t egy T\u00c1MOP p\u00e1ly\u00e1zat teszi lehet\u0151v\u00e9: a T\u00e1rsadalmi Meg\u00fajul\u00e1s Operat\u00edv Program \u201eTud\u00e1sdep\u00f3-Expressz\u201d &#8211; Orsz\u00e1gos k\u00f6nyvt\u00e1ri szolg\u00e1ltat\u00e1sok b\u0151v\u00edt\u00e9se, fejleszt\u00e9se az oktat\u00e1s \u00e9s k\u00e9pz\u00e9s t\u00e1mogat\u00e1s\u00e1nak \u00e9rdek\u00e9ben c. p\u00e1ly\u00e1zati felh\u00edv\u00e1s (K\u00f3dsz\u00e1m: T\u00c1MOP-3.2.4.B-11\/1). Az ebben megfogalmazott fejleszt\u00e9s egyik f\u0151 c\u00e9lja az oktat\u00e1s t\u00e1mogat\u00e1sa az olvas\u00e1skult\u00fara fejleszt\u00e9s\u00e9vel.<\/p>\n<p>Az olvas\u00e1skult\u00fara-fejleszt\u0151 programok egyik kiemelt c\u00e9lcsoportja a gyermek- \u00e9s ifj\u00fas\u00e1gi koroszt\u00e1ly \u2013 sz\u00e1mukra a k\u00f6nyvt\u00e1rak a korai szocializ\u00e1ci\u00f3 \u00e9s az iskol\u00e1skor alatti nevel\u00e9s \u00e9s k\u00e9pz\u00e9s lehet\u0151s\u00e9g\u00e9t teremtik meg. A m\u00e1sik kiemelt c\u00e9lcsoport a leszakad\u00f3 t\u00e9rs\u00e9gek feln\u0151tt n\u00e9pess\u00e9ge, akik sz\u00e1m\u00e1ra a fejleszt\u00e9sek a kultur\u00e1lis szolg\u00e1ltat\u00e1sokhoz val\u00f3 egyenl\u0151 es\u00e9ly\u0171 hozz\u00e1f\u00e9r\u00e9s lehet\u0151s\u00e9g\u00e9t ny\u00fajtj\u00e1k.<\/p>\n<p>A projekt keret\u00e9ben k\u00f6nyvt\u00e1runk t\u00f6bb programsorozatot is tervezett a k\u00f6nyvet nem, vagy ritk\u00e1n olvas\u00f3 feln\u0151ttek bevon\u00e1s\u00e1ra. A programokon kereszt\u00fcl a nemzeti irodalom alapjainak megismer\u00e9s\u00e9vel, n\u00e9pszer\u0171 olvasm\u00e1nyokkal \u00e9s az ezekhez kapcsol\u00f3d\u00f3 el\u0151ad\u00e1sokkal, a meg\u00e9rt\u00e9st seg\u00edt\u0151 tev\u00e9kenys\u00e9gekkel hozzuk k\u00f6zelebb az irodalmat a r\u00e9sztvev\u0151kh\u00f6z. Fontosnak tartjuk az interakt\u00edv programok beiktat\u00e1s\u00e1t, amelyek hat\u00e9konyan seg\u00edtik az olvas\u00e1si aktivit\u00e1s el\u00e9r\u00e9s\u00e9t.<\/p>\n<p><iframe loading=\"lazy\" src=\"http:\/\/www.youtube.com\/embed\/Yu-3a0x_Eiw\" width=\"560\" height=\"315\" frameborder=\"0\" allowfullscreen=\"allowfullscreen\"><\/iframe><\/p>\n<p><strong>Megval\u00f3s\u00edt\u00f3k:<\/strong><\/p>\n<p><strong>Somogyi K\u00e1roly V\u00e1rosi \u00e9s Megyei K\u00f6nyvt\u00e1r<\/strong><br \/>\n6720 Szeged, D\u00f3m t\u00e9r 1-4.<br \/>\n6701 Szeged, Pf. 441<br \/>\nTelefon: (62) 425-525<br \/>\nFax: (62) 630-601<\/p>\n<p><strong>B\u00e1cs-Kiskun Megyei Katona J\u00f3zsef K\u00f6nyvt\u00e1r<\/strong><br \/>\n6000 Kecskem\u00e9t, Piarist\u00e1k tere 8.<br \/>\n6001 Kecskem\u00e9t Pf. 127.<br \/>\nTelefon: (76) 500-550<br \/>\nFax: (76) 500-570<\/p>\n<p><strong>B\u00e9k\u00e9s Megyei K\u00f6nyvt\u00e1r<\/strong><br \/>\n5600 B\u00e9k\u00e9scsaba, Kiss Ern\u0151 utca 3.<br \/>\n5601 B\u00e9k\u00e9scsaba, Pf. 35<br \/>\nTelefon: (66) 530-200<br \/>\nFax: (66) 530-203<\/p>\n<h3>Kapcsol\u00f3d\u00f3 k\u00e9pek:<\/h3>","protected":false},"excerpt":{"rendered":"<p>A Somogyi K\u00e1roly V\u00e1rosi \u00e9s Megyei K\u00f6nyvt\u00e1r olvas\u00e1sn\u00e9pszer\u0171s\u00edt\u0151 programsorozatot ind\u00edtott Olvas\u00f3 D\u00e9l-Alf\u00f6ld &#8211; Olvas\u00e1s (megye)hat\u00e1rok n\u00e9lk\u00fcl c\u00edmmel. Az olvas\u00e1skult\u00fara fejleszt\u0151 kamp\u00e1ny megval\u00f3s\u00edt\u00e1s\u00e1t egy T\u00c1MOP p\u00e1ly\u00e1zat teszi lehet\u0151v\u00e9: a T\u00e1rsadalmi Meg\u00fajul\u00e1s Operat\u00edv Program \u201eTud\u00e1sdep\u00f3-Expressz\u201d &#8211; Orsz\u00e1gos k\u00f6nyvt\u00e1ri szolg\u00e1ltat\u00e1sok b\u0151v\u00edt\u00e9se, fejleszt\u00e9se az &hellip; <a href=\"http:\/\/olvasodelalfold.sk-szeged.hu\/?page_id=2\">Folytat\u00e1s <span class=\"meta-nav\">&rarr;<\/span><\/a><\/p>\n","protected":false},"author":2,"featured_media":0,"parent":0,"menu_order":3,"comment_status":"closed","ping_status":"open","template":"","meta":{"ngg_post_thumbnail":0,"footnotes":""},"class_list":["post-2","page","type-page","status-publish","hentry"],"_links":{"self":[{"href":"http:\/\/olvasodelalfold.sk-szeged.hu\/index.php?rest_route=\/wp\/v2\/pages\/2","targetHints":{"allow":["GET"]}}],"collection":[{"href":"http:\/\/olvasodelalfold.sk-szeged.hu\/index.php?rest_route=\/wp\/v2\/pages"}],"about":[{"href":"http:\/\/olvasodelalfold.sk-szeged.hu\/index.php?rest_route=\/wp\/v2\/types\/page"}],"author":[{"embeddable":true,"href":"http:\/\/olvasodelalfold.sk-szeged.hu\/index.php?rest_route=\/wp\/v2\/users\/2"}],"replies":[{"embeddable":true,"href":"http:\/\/olvasodelalfold.sk-szeged.hu\/index.php?rest_route=%2Fwp%2Fv2%2Fcomments&post=2"}],"version-history":[{"count":15,"href":"http:\/\/olvasodelalfold.sk-szeged.hu\/index.php?rest_route=\/wp\/v2\/pages\/2\/revisions"}],"predecessor-version":[{"id":2353,"href":"http:\/\/olvasodelalfold.sk-szeged.hu\/index.php?rest_route=\/wp\/v2\/pages\/2\/revisions\/2353"}],"wp:attachment":[{"href":"http:\/\/olvasodelalfold.sk-szeged.hu\/index.php?rest_route=%2Fwp%2Fv2%2Fmedia&parent=2"}],"curies":[{"name":"wp","href":"https:\/\/api.w.org\/{rel}","templated":true}]}}